{"id":15179,"date":"2022-04-11T21:08:07","date_gmt":"2022-04-12T01:08:07","guid":{"rendered":"https:\/\/xenacanada.ca\/home-2\/"},"modified":"2022-05-12T15:02:55","modified_gmt":"2022-05-12T19:02:55","slug":"home-2","status":"publish","type":"page","link":"https:\/\/xenacanada.ca\/en\/","title":{"rendered":"Home"},"content":{"rendered":"\n<img loading=\"lazy\" decoding=\"async\" src=\"https:\/\/xenacanada.ca\/wp-content\/uploads\/2021\/05\/X-Blanc-Transparent.png\" alt=\"X-Blanc-Transparent\" itemprop=\"image\" height=\"394\" width=\"334\" title=\"X-Blanc-Transparent\" onerror=\"this.style.display='none'\">\n<h1>\n\t\tXENA,\n\t<\/h1>\n<h2>\n\t\tTOUT SIMPLEMENT EFFICACE\n\t<\/h2>\n\t<h3>Fraiseuses et tours conventionnels \u00e0 commande assist\u00e9e.<\/h3>\n<h2>La plus grande innovation pour l&#8217;usinage conventionnel DEPUIS PLUS DE 40 ANS!<\/h2>\n\t\t\t\t<img loading=\"lazy\" decoding=\"async\" src=\"https:\/\/xenacanada.ca\/wp-content\/uploads\/2021\/03\/cropped-Logo_Xena-1.png\" alt=\"Logo-Xena\" itemprop=\"image\" height=\"80\" width=\"240\" title=\"Logo-Xena\" onerror=\"this.style.display='none'\">\n\t<p>Notre gamme pour le tournage conventionnel \u00e0 commande assist\u00e9e offre des capacit\u00e9s de tournage allant de 13&#8243; \u00e0 80&#8243; en diam\u00e8tre par 20&#8243; \u00e0 240&#8243; de longueur entre centres.<\/p>\n\t<p>Que vous ayez besoin d&#8217;usiner une petite pi\u00e8ce simple, un mat de plusieurs m\u00e8tres de long ou effectuer des al\u00e9sages multifaces concentriques, il y aura une fraiseuse Xena pour vous.<\/p>\n\t<p>Une gamme d&#8217;accessoires compatibles avec la philosophie de Xena<\/p>\n<p>SIMPLICIT\u00c9 &#8211; RAPIDIT\u00c9 &#8211; S\u00c9CURIT\u00c9 &#8211; QUALIT\u00c9<\/p>\n\t\t\t<a href=\"https:\/\/xenacanada.ca\/produits\/\" target=\"_self\" role=\"button\" rel=\"noopener\">\n\t\t\t\t\t\t\tEN SAVOIR PLUS\n\t\t\t\t\t<\/a>\n<h2>\n\t\tNos produits\n\t<\/h2>\n\t\t\t\t<a href=\"https:\/\/xenacanada.ca\/wp-content\/uploads\/2019\/08\/Xena-VH40-600-FRONT-VIEW.jpg\" data-fancybox=\"images\" title=\"Xena-VH40-600\" data-caption=\"Xena-media\" data-description=\"\" itemprop=\"contentUrl\">\n\t\t<img decoding=\"async\" src=\"https:\/\/xenacanada.ca\/wp-content\/uploads\/2019\/08\/Xena-VH40-600-FRONT-VIEW.jpg\" alt=\"Xena-VH40-600\" data-no-lazy=\"1\" itemprop=\"thumbnail\">\n\t\t\t<!-- Overlay Wrapper -->\n\t\t\t <!-- Overlay Wrapper Closed -->\n\t\t\t\t<\/a>\n\t\t\t\t\t\t\t<meta itemprop=\"width\" content=\"1000\">\n\t\t\t<meta itemprop=\"height\" content=\"983\">\n\t\t\t\t<a href=\"https:\/\/xenacanada.ca\/wp-content\/uploads\/2019\/08\/HMI_VH40-600.jpg\" data-fancybox=\"images\" title=\"HMI_VH40-600\" data-caption=\"Xena-media\" data-description=\"\" itemprop=\"contentUrl\">\n\t\t<img decoding=\"async\" src=\"https:\/\/xenacanada.ca\/wp-content\/uploads\/2019\/08\/HMI_VH40-600.jpg\" alt=\"HMI_VH40-600\" data-no-lazy=\"1\" itemprop=\"thumbnail\">\n\t\t\t<!-- Overlay Wrapper -->\n\t\t\t <!-- Overlay Wrapper Closed -->\n\t\t\t\t<\/a>\n\t\t\t\t\t\t\t<meta itemprop=\"width\" content=\"1000\">\n\t\t\t<meta itemprop=\"height\" content=\"1333\">\n\t\t\t\t<a href=\"https:\/\/xenacanada.ca\/wp-content\/uploads\/2017\/10\/Xena-1320-LAB-ECOLE-scaled.jpg\" data-fancybox=\"images\" title=\"Xena-1320-F-Lab\" data-caption=\"Xena-media\" data-description=\"\" itemprop=\"contentUrl\">\n\t\t<img decoding=\"async\" src=\"https:\/\/xenacanada.ca\/wp-content\/uploads\/2017\/10\/Xena-1320-LAB-ECOLE-scaled.jpg\" alt=\"Xena-1320-F-Lab\" data-no-lazy=\"1\" itemprop=\"thumbnail\">\n\t\t\t<!-- Overlay Wrapper -->\n\t\t\t <!-- Overlay Wrapper Closed -->\n\t\t\t\t<\/a>\n\t\t\t\t\t\t\t<meta itemprop=\"width\" content=\"2560\">\n\t\t\t<meta itemprop=\"height\" content=\"1440\">\n\t\t\t\t<a href=\"https:\/\/xenacanada.ca\/wp-content\/uploads\/2017\/10\/DSCF1353-scaled.jpg\" data-fancybox=\"images\" title=\"DSCF1353\" data-caption=\"Xena-media\" data-description=\"\" itemprop=\"contentUrl\">\n\t\t<img decoding=\"async\" src=\"https:\/\/xenacanada.ca\/wp-content\/uploads\/2017\/10\/DSCF1353-scaled.jpg\" alt=\"DSCF1353\" data-no-lazy=\"1\" itemprop=\"thumbnail\">\n\t\t\t<!-- Overlay Wrapper -->\n\t\t\t <!-- Overlay Wrapper Closed -->\n\t\t\t\t<\/a>\n\t\t\t\t\t\t\t<meta itemprop=\"width\" content=\"2560\">\n\t\t\t<meta itemprop=\"height\" content=\"1707\">\n\t\t\t\t<a href=\"https:\/\/xenacanada.ca\/wp-content\/uploads\/2019\/07\/Entete_IsotopXena-2-1.jpg\" data-fancybox=\"images\" title=\"Ent\u00eate_IsotopXena-2\" data-caption=\"Xena-media\" data-description=\"\" itemprop=\"contentUrl\">\n\t\t<img decoding=\"async\" src=\"https:\/\/xenacanada.ca\/wp-content\/uploads\/2019\/07\/Entete_IsotopXena-2-1.jpg\" alt=\"Ent\u00eate_IsotopXena-2\" data-no-lazy=\"1\" itemprop=\"thumbnail\">\n\t\t\t<!-- Overlay Wrapper -->\n\t\t\t <!-- Overlay Wrapper Closed -->\n\t\t\t\t<\/a>\n\t\t\t\t\t\t\t<meta itemprop=\"width\" content=\"1375\">\n\t\t\t<meta itemprop=\"height\" content=\"425\">\n\t\t\t\t<a href=\"https:\/\/xenacanada.ca\/wp-content\/uploads\/2019\/08\/BORINGmill-AH-13032-RT_door-open-scaled.jpg\" data-fancybox=\"images\" title=\"BORINGmill-AH-13032-RT\" data-caption=\"Xena-media\" data-description=\"\" itemprop=\"contentUrl\">\n\t\t<img decoding=\"async\" src=\"https:\/\/xenacanada.ca\/wp-content\/uploads\/2019\/08\/BORINGmill-AH-13032-RT_door-open-scaled.jpg\" alt=\"BORINGmill-AH-13032-RT\" data-no-lazy=\"1\" itemprop=\"thumbnail\">\n\t\t\t<!-- Overlay Wrapper -->\n\t\t\t <!-- Overlay Wrapper Closed -->\n\t\t\t\t<\/a>\n\t\t\t\t\t\t\t<meta itemprop=\"width\" content=\"2560\">\n\t\t\t<meta itemprop=\"height\" content=\"1681\">\n\t\t\t\t<a href=\"https:\/\/xenacanada.ca\/wp-content\/uploads\/2017\/10\/DSCF1329-scaled.jpg\" data-fancybox=\"images\" title=\"DSCF1329\" data-caption=\"Xena-media\" data-description=\"\" itemprop=\"contentUrl\">\n\t\t<img decoding=\"async\" src=\"https:\/\/xenacanada.ca\/wp-content\/uploads\/2017\/10\/DSCF1329-scaled.jpg\" alt=\"DSCF1329\" data-no-lazy=\"1\" itemprop=\"thumbnail\">\n\t\t\t<!-- Overlay Wrapper -->\n\t\t\t <!-- Overlay Wrapper Closed -->\n\t\t\t\t<\/a>\n\t\t\t\t\t\t\t<meta itemprop=\"width\" content=\"2560\">\n\t\t\t<meta itemprop=\"height\" content=\"1707\">\n\t\t\t\t<a href=\"https:\/\/xenacanada.ca\/wp-content\/uploads\/2019\/08\/Xena-2280-V2017.jpg\" data-fancybox=\"images\" title=\"Xena-2280-F\" data-caption=\"Xena-media\" data-description=\"\" itemprop=\"contentUrl\">\n\t\t<img decoding=\"async\" src=\"https:\/\/xenacanada.ca\/wp-content\/uploads\/2019\/08\/Xena-2280-V2017.jpg\" alt=\"Xena-2280-F\" data-no-lazy=\"1\" itemprop=\"thumbnail\">\n\t\t\t<!-- Overlay Wrapper -->\n\t\t\t <!-- Overlay Wrapper Closed -->\n\t\t\t\t<\/a>\n\t\t\t\t\t\t\t<meta itemprop=\"width\" content=\"1000\">\n\t\t\t<meta itemprop=\"height\" content=\"502\">\n\t\t\t\t<a href=\"https:\/\/xenacanada.ca\/wp-content\/uploads\/2019\/08\/Xena-30120-6-F.jpg\" data-fancybox=\"images\" title=\"Xena-30120-6-F\" data-caption=\"Xena-media\" data-description=\"\" itemprop=\"contentUrl\">\n\t\t<img decoding=\"async\" src=\"https:\/\/xenacanada.ca\/wp-content\/uploads\/2019\/08\/Xena-30120-6-F.jpg\" alt=\"Xena-30120-6-F\" data-no-lazy=\"1\" itemprop=\"thumbnail\">\n\t\t\t<!-- Overlay Wrapper -->\n\t\t\t <!-- Overlay Wrapper Closed -->\n\t\t\t\t<\/a>\n\t\t\t\t\t\t\t<meta itemprop=\"width\" content=\"1131\">\n\t\t\t<meta itemprop=\"height\" content=\"575\">\n\t\t\t\t<a href=\"https:\/\/xenacanada.ca\/wp-content\/uploads\/2019\/08\/HMI-tour.jpg\" data-fancybox=\"images\" title=\"HMI tour\" data-caption=\"Xena-media\" data-description=\"\" itemprop=\"contentUrl\">\n\t\t<img decoding=\"async\" src=\"https:\/\/xenacanada.ca\/wp-content\/uploads\/2019\/08\/HMI-tour.jpg\" alt=\"HMI tour\" data-no-lazy=\"1\" itemprop=\"thumbnail\">\n\t\t\t<!-- Overlay Wrapper -->\n\t\t\t <!-- Overlay Wrapper Closed -->\n\t\t\t\t<\/a>\n\t\t\t\t\t\t\t<meta itemprop=\"width\" content=\"2014\">\n\t\t\t<meta itemprop=\"height\" content=\"1508\">\n\t\t\t\t<a href=\"https:\/\/xenacanada.ca\/wp-content\/uploads\/2019\/08\/BORINGmill-AH-13032-RT_REAR2-scaled.jpg\" data-fancybox=\"images\" title=\"BORINGmill AH-13032\" data-caption=\"Xena-media\" data-description=\"\" itemprop=\"contentUrl\">\n\t\t<img decoding=\"async\" src=\"https:\/\/xenacanada.ca\/wp-content\/uploads\/2019\/08\/BORINGmill-AH-13032-RT_REAR2-scaled.jpg\" alt=\"BORINGmill AH-13032\" data-no-lazy=\"1\" itemprop=\"thumbnail\">\n\t\t\t<!-- Overlay Wrapper -->\n\t\t\t <!-- Overlay Wrapper Closed -->\n\t\t\t\t<\/a>\n\t\t\t\t\t\t\t<meta itemprop=\"width\" content=\"2560\">\n\t\t\t<meta itemprop=\"height\" content=\"1889\">\n\t\t\t\t<a href=\"https:\/\/xenacanada.ca\/wp-content\/uploads\/2019\/08\/xena-3080-HQIDLM.jpg\" data-fancybox=\"images\" title=\"xena-3080-HQIDLM\" data-caption=\"Xena-media\" data-description=\"\" itemprop=\"contentUrl\">\n\t\t<img decoding=\"async\" src=\"https:\/\/xenacanada.ca\/wp-content\/uploads\/2019\/08\/xena-3080-HQIDLM.jpg\" alt=\"xena-3080-HQIDLM\" data-no-lazy=\"1\" itemprop=\"thumbnail\">\n\t\t\t<!-- Overlay Wrapper -->\n\t\t\t <!-- Overlay Wrapper Closed -->\n\t\t\t\t<\/a>\n\t\t\t\t\t\t\t<meta itemprop=\"width\" content=\"1000\">\n\t\t\t<meta itemprop=\"height\" content=\"749\">\n\t\t\t\t<a href=\"https:\/\/xenacanada.ca\/wp-content\/uploads\/2019\/08\/MU50_transp_final-scaled.jpg\" data-fancybox=\"images\" title=\"MU50_1500\" data-caption=\"Xena-media\" data-description=\"\" itemprop=\"contentUrl\">\n\t\t<img decoding=\"async\" src=\"https:\/\/xenacanada.ca\/wp-content\/uploads\/2019\/08\/MU50_transp_final-scaled.jpg\" alt=\"MU50_1500\" data-no-lazy=\"1\" itemprop=\"thumbnail\">\n\t\t\t<!-- Overlay Wrapper -->\n\t\t\t <!-- Overlay Wrapper Closed -->\n\t\t\t\t<\/a>\n\t\t\t\t\t\t\t<meta itemprop=\"width\" content=\"2560\">\n\t\t\t<meta itemprop=\"height\" content=\"1951\">\n\t\t\t\t<a href=\"https:\/\/xenacanada.ca\/wp-content\/uploads\/2019\/08\/disk-brake.jpg\" data-fancybox=\"images\" title=\"Disk brake\" data-caption=\"Xena-media\" data-description=\"\" itemprop=\"contentUrl\">\n\t\t<img decoding=\"async\" src=\"https:\/\/xenacanada.ca\/wp-content\/uploads\/2019\/08\/disk-brake.jpg\" alt=\"Disk brake\" data-no-lazy=\"1\" itemprop=\"thumbnail\">\n\t\t\t<!-- Overlay Wrapper -->\n\t\t\t <!-- Overlay Wrapper Closed -->\n\t\t\t\t<\/a>\n\t\t\t\t\t\t\t<meta itemprop=\"width\" content=\"2016\">\n\t\t\t<meta itemprop=\"height\" content=\"1512\">\n\t\t\t\t<a href=\"https:\/\/xenacanada.ca\/wp-content\/uploads\/2019\/08\/Xena-1740-F_TACHYONFAGOR.jpg\" data-fancybox=\"images\" title=\"Xena-1740-F\" data-caption=\"Xena-media\" data-description=\"\" itemprop=\"contentUrl\">\n\t\t<img decoding=\"async\" src=\"https:\/\/xenacanada.ca\/wp-content\/uploads\/2019\/08\/Xena-1740-F_TACHYONFAGOR.jpg\" alt=\"Xena-1740-F\" data-no-lazy=\"1\" itemprop=\"thumbnail\">\n\t\t\t<!-- Overlay Wrapper -->\n\t\t\t <!-- Overlay Wrapper Closed -->\n\t\t\t\t<\/a>\n\t\t\t\t\t\t\t<meta itemprop=\"width\" content=\"1000\">\n\t\t\t<meta itemprop=\"height\" content=\"757\">\n\t\t\t\t<a href=\"https:\/\/xenacanada.ca\/wp-content\/uploads\/2019\/08\/Xena-2280-F_2017.jpg\" data-fancybox=\"images\" title=\"Xena-2280-F\" data-caption=\"Xena-media\" data-description=\"\" itemprop=\"contentUrl\">\n\t\t<img decoding=\"async\" src=\"https:\/\/xenacanada.ca\/wp-content\/uploads\/2019\/08\/Xena-2280-F_2017.jpg\" alt=\"Xena-2280-F\" data-no-lazy=\"1\" itemprop=\"thumbnail\">\n\t\t\t<!-- Overlay Wrapper -->\n\t\t\t <!-- Overlay Wrapper Closed -->\n\t\t\t\t<\/a>\n\t\t\t\t\t\t\t<meta itemprop=\"width\" content=\"1000\">\n\t\t\t<meta itemprop=\"height\" content=\"750\">\n\t\t\t\t<a href=\"https:\/\/xenacanada.ca\/wp-content\/uploads\/2019\/08\/Xena-1320-F_DOOR-CLOSED.jpg\" data-fancybox=\"images\" title=\"Xena-1320-F\" data-caption=\"Xena-media\" data-description=\"\" itemprop=\"contentUrl\">\n\t\t<img decoding=\"async\" src=\"https:\/\/xenacanada.ca\/wp-content\/uploads\/2019\/08\/Xena-1320-F_DOOR-CLOSED.jpg\" alt=\"Xena-1320-F\" data-no-lazy=\"1\" itemprop=\"thumbnail\">\n\t\t\t<!-- Overlay Wrapper -->\n\t\t\t <!-- Overlay Wrapper Closed -->\n\t\t\t\t<\/a>\n\t\t\t\t\t\t\t<meta itemprop=\"width\" content=\"1000\">\n\t\t\t<meta itemprop=\"height\" content=\"1322\">\n\t\t\t\t<a href=\"https:\/\/xenacanada.ca\/wp-content\/uploads\/2022\/02\/xena_header_distributeur.jpg\" data-fancybox=\"images\" title=\"xena_header_distributeur\" data-caption=\"Xena-media\" data-description=\"\" itemprop=\"contentUrl\">\n\t\t<img decoding=\"async\" src=\"https:\/\/xenacanada.ca\/wp-content\/uploads\/2022\/02\/xena_header_distributeur.jpg\" alt=\"\" data-no-lazy=\"1\" itemprop=\"thumbnail\">\n\t\t\t<!-- Overlay Wrapper -->\n\t\t\t <!-- Overlay Wrapper Closed -->\n\t\t\t\t<\/a>\n\t\t\t\t\t\t\t<meta itemprop=\"width\" content=\"1920\">\n\t\t\t<meta itemprop=\"height\" content=\"1440\">\n\t\t\t\t<a href=\"https:\/\/xenacanada.ca\/wp-content\/uploads\/2022\/04\/Xena-media-08.jpg\" data-fancybox=\"images\" title=\"Xena-media-08\" data-caption=\"Xena-media\" data-description=\"\" itemprop=\"contentUrl\">\n\t\t<img decoding=\"async\" src=\"https:\/\/xenacanada.ca\/wp-content\/uploads\/2022\/04\/Xena-media-08.jpg\" alt=\"\" data-no-lazy=\"1\" itemprop=\"thumbnail\">\n\t\t\t<!-- Overlay Wrapper -->\n\t\t\t <!-- Overlay Wrapper Closed -->\n\t\t\t\t<\/a>\n\t\t\t\t\t\t\t<meta itemprop=\"width\" content=\"1000\">\n\t\t\t<meta itemprop=\"height\" content=\"750\">\n\t\t\t\t<a href=\"https:\/\/xenacanada.ca\/wp-content\/uploads\/2022\/04\/Xena-media-09.jpg\" data-fancybox=\"images\" title=\"Xena-media-09\" data-caption=\"Xena-media\" data-description=\"\" itemprop=\"contentUrl\">\n\t\t<img decoding=\"async\" src=\"https:\/\/xenacanada.ca\/wp-content\/uploads\/2022\/04\/Xena-media-09.jpg\" alt=\"\" data-no-lazy=\"1\" itemprop=\"thumbnail\">\n\t\t\t<!-- Overlay Wrapper -->\n\t\t\t <!-- Overlay Wrapper Closed -->\n\t\t\t\t<\/a>\n\t\t\t\t\t\t\t<meta itemprop=\"width\" content=\"1000\">\n\t\t\t<meta itemprop=\"height\" content=\"750\">\n\t\t\t\t<a href=\"https:\/\/xenacanada.ca\/wp-content\/uploads\/2022\/04\/Xena-media-010.jpg\" data-fancybox=\"images\" title=\"Xena-media-010\" data-caption=\"Xena-media\" data-description=\"\" itemprop=\"contentUrl\">\n\t\t<img decoding=\"async\" src=\"https:\/\/xenacanada.ca\/wp-content\/uploads\/2022\/04\/Xena-media-010.jpg\" alt=\"\" data-no-lazy=\"1\" itemprop=\"thumbnail\">\n\t\t\t<!-- Overlay Wrapper -->\n\t\t\t <!-- Overlay Wrapper Closed -->\n\t\t\t\t<\/a>\n\t\t\t\t\t\t\t<meta itemprop=\"width\" content=\"1000\">\n\t\t\t<meta itemprop=\"height\" content=\"1333\">\n\t\t\t\t<a href=\"https:\/\/xenacanada.ca\/wp-content\/uploads\/2022\/04\/Xena-media-012.jpg\" data-fancybox=\"images\" title=\"Xena-media-012\" data-caption=\"Xena-media\" data-description=\"\" itemprop=\"contentUrl\">\n\t\t<img decoding=\"async\" src=\"https:\/\/xenacanada.ca\/wp-content\/uploads\/2022\/04\/Xena-media-012.jpg\" alt=\"\" data-no-lazy=\"1\" itemprop=\"thumbnail\">\n\t\t\t<!-- Overlay Wrapper -->\n\t\t\t <!-- Overlay Wrapper Closed -->\n\t\t\t\t<\/a>\n\t\t\t\t\t\t\t<meta itemprop=\"width\" content=\"1000\">\n\t\t\t<meta itemprop=\"height\" content=\"1334\">\n\t\t\t\t<a href=\"https:\/\/xenacanada.ca\/wp-content\/uploads\/2022\/04\/Xena-media-013.jpg\" data-fancybox=\"images\" title=\"Xena-media-013\" data-caption=\"Xena-media\" data-description=\"\" itemprop=\"contentUrl\">\n\t\t<img decoding=\"async\" src=\"https:\/\/xenacanada.ca\/wp-content\/uploads\/2022\/04\/Xena-media-013.jpg\" alt=\"\" data-no-lazy=\"1\" itemprop=\"thumbnail\">\n\t\t\t<!-- Overlay Wrapper -->\n\t\t\t <!-- Overlay Wrapper Closed -->\n\t\t\t\t<\/a>\n\t\t\t\t\t\t\t<meta itemprop=\"width\" content=\"1444\">\n\t\t\t<meta itemprop=\"height\" content=\"1926\">\n\t\t\t\t<a href=\"https:\/\/xenacanada.ca\/wp-content\/uploads\/2022\/04\/Xena-media-014.jpg\" data-fancybox=\"images\" title=\"Xena-media-014\" data-caption=\"Xena-media\" data-description=\"\" itemprop=\"contentUrl\">\n\t\t<img decoding=\"async\" src=\"https:\/\/xenacanada.ca\/wp-content\/uploads\/2022\/04\/Xena-media-014.jpg\" alt=\"\" data-no-lazy=\"1\" itemprop=\"thumbnail\">\n\t\t\t<!-- Overlay Wrapper -->\n\t\t\t <!-- Overlay Wrapper Closed -->\n\t\t\t\t<\/a>\n\t\t\t\t\t\t\t<meta itemprop=\"width\" content=\"1423\">\n\t\t\t<meta itemprop=\"height\" content=\"1897\">\n\t\t\t\t<a href=\"https:\/\/xenacanada.ca\/wp-content\/uploads\/2022\/04\/Xena-media-015.jpg\" data-fancybox=\"images\" title=\"Xena-media-015\" data-caption=\"Xena-media\" data-description=\"\" itemprop=\"contentUrl\">\n\t\t<img decoding=\"async\" src=\"https:\/\/xenacanada.ca\/wp-content\/uploads\/2022\/04\/Xena-media-015.jpg\" alt=\"\" data-no-lazy=\"1\" itemprop=\"thumbnail\">\n\t\t\t<!-- Overlay Wrapper -->\n\t\t\t <!-- Overlay Wrapper Closed -->\n\t\t\t\t<\/a>\n\t\t\t\t\t\t\t<meta itemprop=\"width\" content=\"1000\">\n\t\t\t<meta itemprop=\"height\" content=\"750\">\n\t\t\t\t<a href=\"https:\/\/xenacanada.ca\/wp-content\/uploads\/2022\/04\/Xena-media-016.jpg\" data-fancybox=\"images\" title=\"Xena-media-016\" data-caption=\"Xena-media\" data-description=\"\" itemprop=\"contentUrl\">\n\t\t<img decoding=\"async\" src=\"https:\/\/xenacanada.ca\/wp-content\/uploads\/2022\/04\/Xena-media-016.jpg\" alt=\"\" data-no-lazy=\"1\" itemprop=\"thumbnail\">\n\t\t\t<!-- Overlay Wrapper -->\n\t\t\t <!-- Overlay Wrapper Closed -->\n\t\t\t\t<\/a>\n\t\t\t\t\t\t\t<meta itemprop=\"width\" content=\"1000\">\n\t\t\t<meta itemprop=\"height\" content=\"750\">\n\t\t\t\t<a href=\"https:\/\/xenacanada.ca\/wp-content\/uploads\/2022\/04\/Xena-media-017.jpg\" data-fancybox=\"images\" title=\"Xena-media-017\" data-caption=\"Xena-media\" data-description=\"\" itemprop=\"contentUrl\">\n\t\t<img decoding=\"async\" src=\"https:\/\/xenacanada.ca\/wp-content\/uploads\/2022\/04\/Xena-media-017.jpg\" alt=\"\" data-no-lazy=\"1\" itemprop=\"thumbnail\">\n\t\t\t<!-- Overlay Wrapper -->\n\t\t\t <!-- Overlay Wrapper Closed -->\n\t\t\t\t<\/a>\n\t\t\t\t\t\t\t<meta itemprop=\"width\" content=\"1000\">\n\t\t\t<meta itemprop=\"height\" content=\"1333\">\n\t\t\t\t<a href=\"https:\/\/xenacanada.ca\/wp-content\/uploads\/2022\/04\/Xena-media-01.jpg\" data-fancybox=\"images\" title=\"Xena-media-01\" data-caption=\"Xena-media\" data-description=\"\" itemprop=\"contentUrl\">\n\t\t<img decoding=\"async\" src=\"https:\/\/xenacanada.ca\/wp-content\/uploads\/2022\/04\/Xena-media-01.jpg\" alt=\"\" data-no-lazy=\"1\" itemprop=\"thumbnail\">\n\t\t\t<!-- Overlay Wrapper -->\n\t\t\t <!-- Overlay Wrapper Closed -->\n\t\t\t\t<\/a>\n\t\t\t\t\t\t\t<meta itemprop=\"width\" content=\"1000\">\n\t\t\t<meta itemprop=\"height\" content=\"373\">\n\t\t\t\t<a href=\"https:\/\/xenacanada.ca\/wp-content\/uploads\/2022\/04\/Xena-media-02.jpg\" data-fancybox=\"images\" title=\"Xena-media-02\" data-caption=\"Xena-media\" data-description=\"\" itemprop=\"contentUrl\">\n\t\t<img decoding=\"async\" src=\"https:\/\/xenacanada.ca\/wp-content\/uploads\/2022\/04\/Xena-media-02.jpg\" alt=\"\" data-no-lazy=\"1\" itemprop=\"thumbnail\">\n\t\t\t<!-- Overlay Wrapper -->\n\t\t\t <!-- Overlay Wrapper Closed -->\n\t\t\t\t<\/a>\n\t\t\t\t\t\t\t<meta itemprop=\"width\" content=\"1000\">\n\t\t\t<meta itemprop=\"height\" content=\"642\">\n\t\t\t\t<a href=\"https:\/\/xenacanada.ca\/wp-content\/uploads\/2022\/04\/Xena-media-03.jpg\" data-fancybox=\"images\" title=\"Xena-media-03\" data-caption=\"Xena-media\" data-description=\"\" itemprop=\"contentUrl\">\n\t\t<img decoding=\"async\" src=\"https:\/\/xenacanada.ca\/wp-content\/uploads\/2022\/04\/Xena-media-03.jpg\" alt=\"\" data-no-lazy=\"1\" itemprop=\"thumbnail\">\n\t\t\t<!-- Overlay Wrapper -->\n\t\t\t <!-- Overlay Wrapper Closed -->\n\t\t\t\t<\/a>\n\t\t\t\t\t\t\t<meta itemprop=\"width\" content=\"1000\">\n\t\t\t<meta itemprop=\"height\" content=\"750\">\n\t\t\t\t<a href=\"https:\/\/xenacanada.ca\/wp-content\/uploads\/2022\/04\/Xena-media-04.jpg\" data-fancybox=\"images\" title=\"Xena-media-04\" data-caption=\"Xena-media\" data-description=\"\" itemprop=\"contentUrl\">\n\t\t<img decoding=\"async\" src=\"https:\/\/xenacanada.ca\/wp-content\/uploads\/2022\/04\/Xena-media-04.jpg\" alt=\"\" data-no-lazy=\"1\" itemprop=\"thumbnail\">\n\t\t\t<!-- Overlay Wrapper -->\n\t\t\t <!-- Overlay Wrapper Closed -->\n\t\t\t\t<\/a>\n\t\t\t\t\t\t\t<meta itemprop=\"width\" content=\"1000\">\n\t\t\t<meta itemprop=\"height\" content=\"750\">\n\t\t\t\t<a href=\"https:\/\/xenacanada.ca\/wp-content\/uploads\/2022\/04\/Xena-media-05.jpg\" data-fancybox=\"images\" title=\"Xena-media-05\" data-caption=\"Xena-media\" data-description=\"\" itemprop=\"contentUrl\">\n\t\t<img decoding=\"async\" src=\"https:\/\/xenacanada.ca\/wp-content\/uploads\/2022\/04\/Xena-media-05.jpg\" alt=\"\" data-no-lazy=\"1\" itemprop=\"thumbnail\">\n\t\t\t<!-- Overlay Wrapper -->\n\t\t\t <!-- Overlay Wrapper Closed -->\n\t\t\t\t<\/a>\n\t\t\t\t\t\t\t<meta itemprop=\"width\" content=\"1000\">\n\t\t\t<meta itemprop=\"height\" content=\"750\">\n\t\t\t\t<a href=\"https:\/\/xenacanada.ca\/wp-content\/uploads\/2022\/04\/Xena-media-06.jpg\" data-fancybox=\"images\" title=\"Xena-media-06\" data-caption=\"Xena-media\" data-description=\"\" itemprop=\"contentUrl\">\n\t\t<img decoding=\"async\" src=\"https:\/\/xenacanada.ca\/wp-content\/uploads\/2022\/04\/Xena-media-06.jpg\" alt=\"\" data-no-lazy=\"1\" itemprop=\"thumbnail\">\n\t\t\t<!-- Overlay Wrapper -->\n\t\t\t <!-- Overlay Wrapper Closed -->\n\t\t\t\t<\/a>\n\t\t\t\t\t\t\t<meta itemprop=\"width\" content=\"1000\">\n\t\t\t<meta itemprop=\"height\" content=\"750\">\n\t\t\t\t<a href=\"https:\/\/xenacanada.ca\/wp-content\/uploads\/2022\/04\/Xena-media-07.jpg\" data-fancybox=\"images\" title=\"Xena-media-07\" data-caption=\"Xena-media\" data-description=\"\" itemprop=\"contentUrl\">\n\t\t<img decoding=\"async\" src=\"https:\/\/xenacanada.ca\/wp-content\/uploads\/2022\/04\/Xena-media-07.jpg\" alt=\"\" data-no-lazy=\"1\" itemprop=\"thumbnail\">\n\t\t\t<!-- Overlay Wrapper -->\n\t\t\t <!-- Overlay Wrapper Closed -->\n\t\t\t\t<\/a>\n\t\t\t\t\t\t\t<meta itemprop=\"width\" content=\"1000\">\n\t\t\t<meta itemprop=\"height\" content=\"750\">\n\t<h4>\n\t\tPR\u00caT POUR L&#8217;USINAGE CONVENTIONNEL\n\t<\/h4>\n<h2>\n\t\t\u00e0 commande<br>assist\u00e9e?\n\t<\/h2>\n\t\t\t<a href=\"nous-joindre\" target=\"_self\" role=\"button\" rel=\"noopener\">\n\t\t\t\t\t\t\tEN SAVOIR PLUS\n\t\t\t\t\t<\/a>\n<h4>\n\t\tVOUS VOULEZ PLUS D&#8217;INFORMATION?\n\t<\/h4>\n<h1>\n\t\tPosez-nous <br> vos questions!\n\t<\/h1>\n\t\t\t<a href=\"nous-joindre\" target=\"_self\" role=\"button\" rel=\"noopener\">\n\t\t\t\t\t\t\tAPPELEZ-NOUS\n\t\t\t\t\t<\/a>\n","protected":false},"excerpt":{"rendered":"<p>XENA, TOUT SIMPLEMENT EFFICACE Fraiseuses et tours conventionnels \u00e0 commande assist\u00e9e. La plus grande innovation pour l&#8217;usinage conventionnel DEPUIS PLUS DE 40 ANS! Notre gamme pour le tournage conventionnel \u00e0 commande assist\u00e9e offre des capacit\u00e9s de tournage allant de 13&#8243; \u00e0 80&#8243; en diam\u00e8tre par 20&#8243; \u00e0 240&#8243; de longueur entre centres. Que vous ayez [&hellip;]<\/p>\n","protected":false},"author":7,"featured_media":0,"parent":0,"menu_order":0,"comment_status":"closed","ping_status":"closed","template":"","meta":{"site-sidebar-layout":"no-sidebar","site-content-layout":"page-builder","ast-site-content-layout":"default","site-content-style":"default","site-sidebar-style":"default","ast-global-header-display":"","ast-banner-title-visibility":"","ast-main-header-display":"","ast-hfb-above-header-display":"","ast-hfb-below-header-display":"","ast-hfb-mobile-header-display":"","site-post-title":"disabled","ast-breadcrumbs-content":"","ast-featured-img":"disabled","footer-sml-layout":"","ast-disable-related-posts":"","theme-transparent-header-meta":"enabled","adv-header-id-meta":"","stick-header-meta":"default","header-above-stick-meta":"","header-main-stick-meta":"on","header-below-stick-meta":"","astra-migrate-meta-layouts":"default","ast-page-background-enabled":"default","ast-page-background-meta":{"desktop":{"background-color":"","background-image":"","background-repeat":"repeat","background-position":"center center","background-size":"auto","background-attachment":"scroll","background-type":"","background-media":"","overlay-type":"","overlay-color":"","overlay-opacity":"","overlay-gradient":""},"tablet":{"background-color":"","background-image":"","background-repeat":"repeat","background-position":"center center","background-size":"auto","background-attachment":"scroll","background-type":"","background-media":"","overlay-type":"","overlay-color":"","overlay-opacity":"","overlay-gradient":""},"mobile":{"background-color":"","background-image":"","background-repeat":"repeat","background-position":"center center","background-size":"auto","background-attachment":"scroll","background-type":"","background-media":"","overlay-type":"","overlay-color":"","overlay-opacity":"","overlay-gradient":""}},"ast-content-background-meta":{"desktop":{"background-color":"var(--ast-global-color-5)","background-image":"","background-repeat":"repeat","background-position":"center center","background-size":"auto","background-attachment":"scroll","background-type":"","background-media":"","overlay-type":"","overlay-color":"","overlay-opacity":"","overlay-gradient":""},"tablet":{"background-color":"var(--ast-global-color-5)","background-image":"","background-repeat":"repeat","background-position":"center center","background-size":"auto","background-attachment":"scroll","background-type":"","background-media":"","overlay-type":"","overlay-color":"","overlay-opacity":"","overlay-gradient":""},"mobile":{"background-color":"var(--ast-global-color-5)","background-image":"","background-repeat":"repeat","background-position":"center center","background-size":"auto","background-attachment":"scroll","background-type":"","background-media":"","overlay-type":"","overlay-color":"","overlay-opacity":"","overlay-gradient":""}},"footnotes":""},"class_list":["post-15179","page","type-page","status-publish","hentry"],"_links":{"self":[{"href":"https:\/\/xenacanada.ca\/en\/wp-json\/wp\/v2\/pages\/15179","targetHints":{"allow":["GET"]}}],"collection":[{"href":"https:\/\/xenacanada.ca\/en\/wp-json\/wp\/v2\/pages"}],"about":[{"href":"https:\/\/xenacanada.ca\/en\/wp-json\/wp\/v2\/types\/page"}],"author":[{"embeddable":true,"href":"https:\/\/xenacanada.ca\/en\/wp-json\/wp\/v2\/users\/7"}],"replies":[{"embeddable":true,"href":"https:\/\/xenacanada.ca\/en\/wp-json\/wp\/v2\/comments?post=15179"}],"version-history":[{"count":0,"href":"https:\/\/xenacanada.ca\/en\/wp-json\/wp\/v2\/pages\/15179\/revisions"}],"wp:attachment":[{"href":"https:\/\/xenacanada.ca\/en\/wp-json\/wp\/v2\/media?parent=15179"}],"curies":[{"name":"wp","href":"https:\/\/api.w.org\/{rel}","templated":true}]}}